{"id":1834,"date":"2026-03-02T10:54:56","date_gmt":"2026-03-02T09:54:56","guid":{"rendered":"https:\/\/jejouedoncnoussommes.fr\/?page_id=1834"},"modified":"2026-03-02T11:01:59","modified_gmt":"2026-03-02T10:01:59","slug":"les-dat-dimanches-a-theme","status":"publish","type":"page","link":"http:\/\/jejouedoncnoussommes.fr\/?page_id=1834","title":{"rendered":"Le DAT (Dimanche A Th\u00e8me)"},"content":{"rendered":"<p>Le <strong>Dimanche A Th\u00e8me<\/strong> est une journ\u00e9e autour d&rsquo;un th\u00e8me en lien avec les jeux de soci\u00e9t\u00e9.<\/p>\n<p>L&rsquo;association r\u00e9serve une salle municipale le temps d&rsquo;un dimanche (10h \u00e0 19h).<\/p>\n<p>Cet \u00e9v\u00e8nement est organis\u00e9 plusieurs fois dans l&rsquo;ann\u00e9e en fonction du calendrier et de la disponibilit\u00e9 des salles.<\/p>\n<p>La participation se fait sur inscription car le nombre de places est limit\u00e9 (capacit\u00e9 de la salle).<\/p>\n<p><strong>L\u2019inscription est gratuite pour les adh\u00e9&rsquo;jouant(e)s<\/strong>. Si il reste des places, l&rsquo;inscription est ouverte \u00e0 toutes et tous moyennant un participation modique permettant de couvrir les frais d&rsquo;organisation.<\/p>\n<p>Voici quelques th\u00e8mes qui ont \u00e9t\u00e9 propos\u00e9s :<\/p>\n<ul>\n<li>\u00ab\u00a0Mon jeu pr\u00e9f\u00e9r\u00e9\u00a0\u00bb<\/li>\n<li>\u00ab\u00a0Les jeux coop\u00e9ratifs et\/ou en \u00e9quipe\u00a0\u00bb<\/li>\n<li>\u00ab\u00a0On pr\u00e9pare un No\u00ebl ludique avec JJDNS\u00a0\u00bb<\/li>\n<li>\u00ab\u00a0Des jeux avec des cartes !\u00a0\u00bb<\/li>\n<\/ul>\n<p>Le th\u00e8me est un fil rouge pour la journ\u00e9e, bien entendu tous les jeux sont les bienvenus !<\/p>\n<p>&nbsp;<\/p>\n<p>&nbsp;<\/p>\n<p>&nbsp;<\/p>\n<p>&nbsp;<\/p>\n","protected":false},"excerpt":{"rendered":"<p>Le Dimanche A Th\u00e8me est une journ\u00e9e autour d&rsquo;un th\u00e8me en lien avec les jeux de soci\u00e9t\u00e9. L&rsquo;association r\u00e9serve une salle municipale le temps d&rsquo;un dimanche (10h \u00e0 19h). Cet \u00e9v\u00e8nement est organis\u00e9 plusieurs fois dans l&rsquo;ann\u00e9e en fonction du [&hellip;]<\/p>\n","protected":false},"author":11,"featured_media":0,"parent":0,"menu_order":0,"comment_status":"closed","ping_status":"closed","template":"","meta":[],"acf":[],"_links":{"self":[{"href":"http:\/\/jejouedoncnoussommes.fr\/index.php?rest_route=\/wp\/v2\/pages\/1834"}],"collection":[{"href":"http:\/\/jejouedoncnoussommes.fr\/index.php?rest_route=\/wp\/v2\/pages"}],"about":[{"href":"http:\/\/jejouedoncnoussommes.fr\/index.php?rest_route=\/wp\/v2\/types\/page"}],"author":[{"embeddable":true,"href":"http:\/\/jejouedoncnoussommes.fr\/index.php?rest_route=\/wp\/v2\/users\/11"}],"replies":[{"embeddable":true,"href":"http:\/\/jejouedoncnoussommes.fr\/index.php?rest_route=%2Fwp%2Fv2%2Fcomments&post=1834"}],"version-history":[{"count":8,"href":"http:\/\/jejouedoncnoussommes.fr\/index.php?rest_route=\/wp\/v2\/pages\/1834\/revisions"}],"predecessor-version":[{"id":1843,"href":"http:\/\/jejouedoncnoussommes.fr\/index.php?rest_route=\/wp\/v2\/pages\/1834\/revisions\/1843"}],"wp:attachment":[{"href":"http:\/\/jejouedoncnoussommes.fr\/index.php?rest_route=%2Fwp%2Fv2%2Fmedia&parent=1834"}],"curies":[{"name":"wp","href":"https:\/\/api.w.org\/{rel}","templated":true}]}}