{"id":1847,"date":"2026-03-02T11:39:49","date_gmt":"2026-03-02T10:39:49","guid":{"rendered":"https:\/\/jejouedoncnoussommes.fr\/?page_id=1847"},"modified":"2026-03-02T12:13:32","modified_gmt":"2026-03-02T11:13:32","slug":"les-soirees-jeux","status":"publish","type":"page","link":"http:\/\/jejouedoncnoussommes.fr\/?page_id=1847","title":{"rendered":"Les soir\u00e9es jeux"},"content":{"rendered":"<div>\n<div><\/div>\n<p><span style=\"font-size: large; color: #000000;\">Vous pouvez venir librement et sans inscription\u00a0pr\u00e9alable aux soir\u00e9es jeux organis\u00e9es par l&rsquo;association, <strong>elles sont ouvertes \u00e0 tous<\/strong>.<br \/>\n<\/span><br \/>\n<span style=\"font-size: large; color: #000000;\">Il n&rsquo;y a pas besoin d&rsquo;adh\u00e9rer \u00e0 l&rsquo;association. L&rsquo;association met \u00e0 disposition des sacs de jeux de notre <b><a href=\"http:\/\/jejouedoncnoussommes.fr\/?page_id=1446\" target=\"_blank\" rel=\"noopener\" data-saferedirecturl=\"https:\/\/www.google.com\/url?q=http:\/\/jejouedoncnoussommes.fr\/?page_id%3D1446&amp;source=gmail&amp;ust=1772533058702000&amp;usg=AOvVaw1OwTaDxaPsFM-7gsmipKK-\">ludoth\u00e8que<\/a><\/b> .<\/span><\/p>\n<div><span style=\"color: #000000;\"><span style=\"font-size: large;\">Les soir\u00e9es jeux se d\u00e9roulent les <strong>1er vendredi, 2eme et 4eme mercredis<\/strong> <strong>de chaque mois<\/strong> <strong>dans des bars du centre ville de La Roche sur Yon<\/strong>.<\/span><\/span><\/div>\n<div><span style=\"font-size: large; color: #000000;\">Elles d\u00e9butent \u00e0 20h pour se terminer en g\u00e9n\u00e9ral autour de 23h.<\/span><\/div>\n<div><span style=\"font-size: large; color: #000000;\">Il est pr\u00e9f\u00e9rable d&rsquo;arriver\u00a0\u00e0 20h00 car les tables de jeux s&rsquo;organisent majoritairement \u00e0 ce moment-l\u00e0.<\/span><\/div>\n<div><em><span style=\"font-size: large; color: #000000;\">La participation aux soir\u00e9es jeux est gratuite hors consommations prises dans les bars qui nous accueillent.<\/span><\/em><\/div>\n<\/div>\n<div><\/div>\n<div><\/div>\n<p><span style=\"font-size: large; color: #000000;\">Vous serez les bienvenus lors de la prochaine soir\u00e9e jeux, les dates de nos soir\u00e9es sont dans notre <\/span><span style=\"color: #ff00ff;\"><span style=\"font-size: large;\"><a style=\"color: #ff00ff;\" href=\"https:\/\/jejouedoncnoussommes.fr\/?page_id=489\"><strong>calendrier<\/strong><\/a><\/span><\/span><span style=\"font-size: large; color: #000000;\"> et publi\u00e9es sur les r\u00e9seaux <span style=\"color: #0000ff;\"><a style=\"color: #0000ff;\" href=\"https:\/\/www.instagram.com\/jejouedoncnoussommes\/\" target=\"_blank\" rel=\"noopener\" data-saferedirecturl=\"https:\/\/www.google.com\/url?q=https:\/\/www.instagram.com\/jejouedoncnoussommes\/&amp;source=gmail&amp;ust=1772533058702000&amp;usg=AOvVaw2gIuXMOO5-l_3iC-6YKNKu\"><b><span style=\"color: #ff00ff;\">Instagram<\/span><\/b><\/a><\/span>\u00a0et\u00a0<span style=\"color: #ff00ff;\"><a style=\"color: #ff00ff;\" href=\"https:\/\/www.facebook.com\/people\/JeJoueDoncNousSommes\/100052539473109\/\" target=\"_blank\" rel=\"noopener\" data-saferedirecturl=\"https:\/\/www.google.com\/url?q=https:\/\/www.facebook.com\/people\/JeJoueDoncNousSommes\/100052539473109\/&amp;source=gmail&amp;ust=1772533058702000&amp;usg=AOvVaw1fKLx0uRrPpX10mKkfTLEp\"><b>Facebook<\/b><\/a><\/span> .<\/span><\/p>\n<p><span style=\"font-size: large; color: #000000;\">A votre arriv\u00e9e, adressez-vous \u00e0 un membre de l&rsquo;association pour que nous puissions vous pr\u00e9senter son fonctionnement<span class=\"gmail_default\"> et r\u00e9pondre \u00e0 vos questions<\/span>.<\/span><\/p>\n<p><span style=\"font-size: large; color: #000000;\">Vous pourrez vous joindre aux diff\u00e9rentes parties qui sont organis\u00e9es spontan\u00e9ment autour des jeux de soci\u00e9t\u00e9.<\/span><\/p>\n<p><span style=\"font-size: large; color: #000000;\"><span class=\"gmail_default\">Vous pouvez aussi apporter vos propres jeux afin de les faire d\u00e9couvrir.<\/span><br \/>\n<\/span><\/p>\n<p><span style=\"font-size: large; color: #000000;\">\u00a0<\/span><span style=\"font-size: large; color: #000000;\">Au plaisir de vous rencontrer.<\/span><\/p>\n<div><\/div>\n","protected":false},"excerpt":{"rendered":"<p>Vous pouvez venir librement et sans inscription\u00a0pr\u00e9alable aux soir\u00e9es jeux organis\u00e9es par l&rsquo;association, elles sont ouvertes \u00e0 tous. Il n&rsquo;y a pas besoin d&rsquo;adh\u00e9rer \u00e0 l&rsquo;association. L&rsquo;association met \u00e0 disposition des sacs de jeux de notre ludoth\u00e8que . Les soir\u00e9es [&hellip;]<\/p>\n","protected":false},"author":11,"featured_media":0,"parent":0,"menu_order":0,"comment_status":"closed","ping_status":"closed","template":"","meta":[],"acf":[],"_links":{"self":[{"href":"http:\/\/jejouedoncnoussommes.fr\/index.php?rest_route=\/wp\/v2\/pages\/1847"}],"collection":[{"href":"http:\/\/jejouedoncnoussommes.fr\/index.php?rest_route=\/wp\/v2\/pages"}],"about":[{"href":"http:\/\/jejouedoncnoussommes.fr\/index.php?rest_route=\/wp\/v2\/types\/page"}],"author":[{"embeddable":true,"href":"http:\/\/jejouedoncnoussommes.fr\/index.php?rest_route=\/wp\/v2\/users\/11"}],"replies":[{"embeddable":true,"href":"http:\/\/jejouedoncnoussommes.fr\/index.php?rest_route=%2Fwp%2Fv2%2Fcomments&post=1847"}],"version-history":[{"count":14,"href":"http:\/\/jejouedoncnoussommes.fr\/index.php?rest_route=\/wp\/v2\/pages\/1847\/revisions"}],"predecessor-version":[{"id":1884,"href":"http:\/\/jejouedoncnoussommes.fr\/index.php?rest_route=\/wp\/v2\/pages\/1847\/revisions\/1884"}],"wp:attachment":[{"href":"http:\/\/jejouedoncnoussommes.fr\/index.php?rest_route=%2Fwp%2Fv2%2Fmedia&parent=1847"}],"curies":[{"name":"wp","href":"https:\/\/api.w.org\/{rel}","templated":true}]}}