{"id":1130,"date":"2020-09-08T16:25:59","date_gmt":"2020-09-08T14:25:59","guid":{"rendered":"http:\/\/jejouedoncnoussommes.free.fr\/?page_id=1130"},"modified":"2025-01-07T16:19:06","modified_gmt":"2025-01-07T15:19:06","slug":"le-tournoi","status":"publish","type":"page","link":"https:\/\/jejouedoncnoussommes.fr\/?page_id=1130","title":{"rendered":"Le Tournoi"},"content":{"rendered":"<p>Chaque Ann\u00e9e depuis 2016, JJDNS organise un Tournoi de jeux de plateau durant lequel les participants s&rsquo;affrontent en toute convivialit\u00e9.<\/p>\n<p>Ci-apr\u00e8s les Tournois organis\u00e9s les ann\u00e9es pass\u00e9es :<\/p>\n<p>2016 : Tournoi 7 Wonders<\/p>\n<p>2017 : Tournoi Aventuriers du Rail<\/p>\n<p>2018 : Tournoi Aventuriers du Rail<\/p>\n<p>2019 : Tournoi \u00ab\u00a0Les Artisans\u00a0\u00bb sur Azul, Welcome et Splendor<\/p>\n<p>Depuis 2020 : Tournoi Aventuriers du Rail<\/p>\n","protected":false},"excerpt":{"rendered":"<p>Chaque Ann\u00e9e depuis 2016, JJDNS organise un Tournoi de jeux de plateau durant lequel les participants s&rsquo;affrontent en toute convivialit\u00e9. Ci-apr\u00e8s les Tournois organis\u00e9s les ann\u00e9es pass\u00e9es : 2016 : Tournoi 7 Wonders 2017 : Tournoi Aventuriers du Rail 2018 [&hellip;]<\/p>\n","protected":false},"author":6,"featured_media":0,"parent":1073,"menu_order":0,"comment_status":"closed","ping_status":"closed","template":"","meta":[],"acf":[],"_links":{"self":[{"href":"https:\/\/jejouedoncnoussommes.fr\/index.php?rest_route=\/wp\/v2\/pages\/1130"}],"collection":[{"href":"https:\/\/jejouedoncnoussommes.fr\/index.php?rest_route=\/wp\/v2\/pages"}],"about":[{"href":"https:\/\/jejouedoncnoussommes.fr\/index.php?rest_route=\/wp\/v2\/types\/page"}],"author":[{"embeddable":true,"href":"https:\/\/jejouedoncnoussommes.fr\/index.php?rest_route=\/wp\/v2\/users\/6"}],"replies":[{"embeddable":true,"href":"https:\/\/jejouedoncnoussommes.fr\/index.php?rest_route=%2Fwp%2Fv2%2Fcomments&post=1130"}],"version-history":[{"count":3,"href":"https:\/\/jejouedoncnoussommes.fr\/index.php?rest_route=\/wp\/v2\/pages\/1130\/revisions"}],"predecessor-version":[{"id":1703,"href":"https:\/\/jejouedoncnoussommes.fr\/index.php?rest_route=\/wp\/v2\/pages\/1130\/revisions\/1703"}],"up":[{"embeddable":true,"href":"https:\/\/jejouedoncnoussommes.fr\/index.php?rest_route=\/wp\/v2\/pages\/1073"}],"wp:attachment":[{"href":"https:\/\/jejouedoncnoussommes.fr\/index.php?rest_route=%2Fwp%2Fv2%2Fmedia&parent=1130"}],"curies":[{"name":"wp","href":"https:\/\/api.w.org\/{rel}","templated":true}]}}