{"id":1149,"date":"2021-09-07T07:57:04","date_gmt":"2021-09-07T05:57:04","guid":{"rendered":"http:\/\/jejouedoncnoussommes.fr\/free8JJDNS\/?page_id=1149"},"modified":"2026-02-21T22:02:54","modified_gmt":"2026-02-21T21:02:54","slug":"bienvenue-a-jjdns","status":"publish","type":"page","link":"https:\/\/jejouedoncnoussommes.fr\/?page_id=1149","title":{"rendered":"Bienvenue \u00e0 JJDNS"},"content":{"rendered":"<p>Venez nous rencontrer et jouer avec nous dans les bars de La Roche-sur-Yon.<br \/>\nTr\u00e8s souvent, et le temps de la Soir\u00e9e Jeux, les bars nous mettent \u00e0 disposition un espace d\u00e9di\u00e9.<\/p>\n<p>3 rendez-vous par mois durant lesquels nous serons heureux de vous accueillir \u00e0 partir de 20h:<\/p>\n<ul>\n<li><b>le 1er Vendredi du mois<\/b><\/li>\n<li><b>le 2\u00e8me Mercredi du mois<\/b><\/li>\n<li><b>le 4\u00e8me Mercredi du mois<\/b><\/li>\n<\/ul>\n<p><b>Pour tout conna\u00eetre de nos activit\u00e9s et les lieux des soir\u00e9es jeux, suivez notre agenda <a href=\"http:\/\/jejouedoncnoussommes.fr\/?page_id=489\">ICI<\/a> ou sur notre page <a href=\"https:\/\/www.facebook.com\/profile.php?id=100052539473109&amp;sk=events\" target=\"_blank\" rel=\"noopener\">Facebook<\/a><\/b><\/p>\n<p>&nbsp;<\/p>\n<p>Nous vous conseillons de venir d\u00e8s le d\u00e9but de la Soir\u00e9e (soit 20h00) afin d&rsquo;\u00eatre pr\u00e9sents au moment de la constitution des Tables de jeux&#8230;<\/p>\n<p>&nbsp;<\/p>\n<p>\u00c0 tr\u00e8s vite !!<\/p>\n","protected":false},"excerpt":{"rendered":"<p>Venez nous rencontrer et jouer avec nous dans les bars de La Roche-sur-Yon. Tr\u00e8s souvent, et le temps de la Soir\u00e9e Jeux, les bars nous mettent \u00e0 disposition un espace d\u00e9di\u00e9. 3 rendez-vous par mois durant lesquels nous serons heureux [&hellip;]<\/p>\n","protected":false},"author":6,"featured_media":0,"parent":434,"menu_order":0,"comment_status":"closed","ping_status":"closed","template":"","meta":[],"acf":[],"_links":{"self":[{"href":"https:\/\/jejouedoncnoussommes.fr\/index.php?rest_route=\/wp\/v2\/pages\/1149"}],"collection":[{"href":"https:\/\/jejouedoncnoussommes.fr\/index.php?rest_route=\/wp\/v2\/pages"}],"about":[{"href":"https:\/\/jejouedoncnoussommes.fr\/index.php?rest_route=\/wp\/v2\/types\/page"}],"author":[{"embeddable":true,"href":"https:\/\/jejouedoncnoussommes.fr\/index.php?rest_route=\/wp\/v2\/users\/6"}],"replies":[{"embeddable":true,"href":"https:\/\/jejouedoncnoussommes.fr\/index.php?rest_route=%2Fwp%2Fv2%2Fcomments&post=1149"}],"version-history":[{"count":6,"href":"https:\/\/jejouedoncnoussommes.fr\/index.php?rest_route=\/wp\/v2\/pages\/1149\/revisions"}],"predecessor-version":[{"id":1783,"href":"https:\/\/jejouedoncnoussommes.fr\/index.php?rest_route=\/wp\/v2\/pages\/1149\/revisions\/1783"}],"up":[{"embeddable":true,"href":"https:\/\/jejouedoncnoussommes.fr\/index.php?rest_route=\/wp\/v2\/pages\/434"}],"wp:attachment":[{"href":"https:\/\/jejouedoncnoussommes.fr\/index.php?rest_route=%2Fwp%2Fv2%2Fmedia&parent=1149"}],"curies":[{"name":"wp","href":"https:\/\/api.w.org\/{rel}","templated":true}]}}