{"id":1180,"date":"2021-11-25T18:01:29","date_gmt":"2021-11-25T17:01:29","guid":{"rendered":"http:\/\/jejouedoncnoussommes.fr\/?page_id=1180"},"modified":"2026-02-28T12:05:07","modified_gmt":"2026-02-28T11:05:07","slug":"devenez-partenaires","status":"publish","type":"page","link":"https:\/\/jejouedoncnoussommes.fr\/?page_id=1180","title":{"rendered":"Devenez partenaires!"},"content":{"rendered":"<p>Je Joue Donc Nous Sommes est une association cr\u00e9\u00e9e en 2008.<\/p>\n<p>Ses objectifs sont les suivants (extrait de nos statuts) :<\/p>\n<p><em>\u00ab\u00a0Cette association a pour objet la promotion du \u201cjeu\u201d comme instrument de socialisation, de rencontres et de mixit\u00e9 sociale. Les objectifs sont la rencontre et le partage, le jeu \u00e9tant un outil d\u2019\u00e9ducation et de formation \u00e0 la citoyennet\u00e9, \u00e0 l\u2019autonomie, \u00e0 la connaissance de soi et des autres\u2026.\u00a0\u00bb<\/em><\/p>\n<p>Afin de r\u00e9aliser notre engagement, nous avons choisi de nous retrouver dans des bars et des restaurants qui deviennent alors nos partenaires.<\/p>\n<div>Le partenariat consiste \u00e0 accueillir l&rsquo;association pour l&rsquo;une de nos soir\u00e9es jeux p\u00e9riodiques (1er vendredi, 2eme et 4eme mercredi de chaque mois)<\/div>\n<div>Les b\u00e9n\u00e9fices attendus pour votre \u00e9tablissement sont\u00a0 :<\/div>\n<div>\n<ul>\n<li>l&rsquo;accueil d&rsquo;une trentaine de personnes en moyenne pour une soir\u00e9e jeux,<\/li>\n<li>le d\u00e9veloppement d&rsquo;une nouvelle client\u00e8le,<\/li>\n<li>la mise en place du bouche-\u00e0-oreille,<\/li>\n<li>une communication r\u00e9guli\u00e8re et gratuite r\u00e9alis\u00e9e par JJDNS :\n<ul>\n<li>envoi d&rsquo;un mail \u00e0 plus de 500 abonn\u00e9s avant chaque soir\u00e9e,<\/li>\n<li>l&rsquo;annonce de la soir\u00e9e sur nos pages Facebook et Instagram,<\/li>\n<li>la visibilit\u00e9 sur notre site internet,<\/li>\n<li>occasionnellement, une couverture m\u00e9diatique.<\/li>\n<\/ul>\n<\/li>\n<\/ul>\n<\/div>\n<p>Depuis la cr\u00e9ation de notre association en 2008, de nombreux commer\u00e7ants nous ont fait confiance.<\/p>\n<p>Le magasin <a href=\"https:\/\/www.sortileges.fr\/sortileges-la-roche-sur-yon\" target=\"_blank\" rel=\"noopener\"><strong>Sortil\u00e8ges<\/strong><\/a> de La Roche Sur Yon est \u00e9galement partenaire de l&rsquo;association, notamment par son aide lors d&rsquo;\u00e9v\u00e9nements que nous organisons.<\/p>\n<h2>Si un partenariat vous int\u00e9resse, <a href=\"http:\/\/jejouedoncnoussommes.fr\/?page_id=496\">contactez-nous!<\/a><\/h2>\n<div>Pour mieux nous conna\u00eetre, et constater la m\u00e9diatisation de nos partenaires, nous vous invitons \u00e0 nous d\u00e9couvrir \u00e0 travers ces articles :<\/div>\n<div><\/div>\n<div><\/div>\n<div><img decoding=\"async\" loading=\"lazy\" class=\"size-full wp-image-1762 alignleft\" src=\"http:\/\/jejouedoncnoussommes.fr\/wp-content\/uploads\/2025\/11\/20251002_Journal-Pays-Yonnais.jpg\" alt=\"\" width=\"835\" height=\"598\" srcset=\"https:\/\/jejouedoncnoussommes.fr\/wp-content\/uploads\/2025\/11\/20251002_Journal-Pays-Yonnais.jpg 835w, https:\/\/jejouedoncnoussommes.fr\/wp-content\/uploads\/2025\/11\/20251002_Journal-Pays-Yonnais-300x215.jpg 300w, https:\/\/jejouedoncnoussommes.fr\/wp-content\/uploads\/2025\/11\/20251002_Journal-Pays-Yonnais-768x550.jpg 768w, https:\/\/jejouedoncnoussommes.fr\/wp-content\/uploads\/2025\/11\/20251002_Journal-Pays-Yonnais-700x501.jpg 700w, https:\/\/jejouedoncnoussommes.fr\/wp-content\/uploads\/2025\/11\/20251002_Journal-Pays-Yonnais-520x372.jpg 520w, https:\/\/jejouedoncnoussommes.fr\/wp-content\/uploads\/2025\/11\/20251002_Journal-Pays-Yonnais-360x258.jpg 360w, https:\/\/jejouedoncnoussommes.fr\/wp-content\/uploads\/2025\/11\/20251002_Journal-Pays-Yonnais-250x179.jpg 250w, https:\/\/jejouedoncnoussommes.fr\/wp-content\/uploads\/2025\/11\/20251002_Journal-Pays-Yonnais-100x72.jpg 100w\" sizes=\"(max-width: 835px) 100vw, 835px\" \/><\/div>\n<div>\n<p><a href=\"https:\/\/www.ouest-france.fr\/pays-de-la-loire\/la-roche-sur-yon-85000\/a-la-roche-sur-yon-cette-association-propose-des-jeux-dans-les-bars-704b3636-37c1-11ec-91f1-9d137aad4b8a\" target=\"_blank\" rel=\"noopener\"><img decoding=\"async\" loading=\"lazy\" class=\"wp-image-1181 size-full alignnone\" title=\"Article Ouest-France du 30-10-2021\" src=\"http:\/\/jejouedoncnoussommes.fr\/wp-content\/uploads\/2021\/11\/Article-Ouest-France-30-10-2021.png\" alt=\"Article Ouest-France du 30-10-2021\" width=\"865\" height=\"730\" srcset=\"https:\/\/jejouedoncnoussommes.fr\/wp-content\/uploads\/2021\/11\/Article-Ouest-France-30-10-2021.png 865w, https:\/\/jejouedoncnoussommes.fr\/wp-content\/uploads\/2021\/11\/Article-Ouest-France-30-10-2021-300x253.png 300w, https:\/\/jejouedoncnoussommes.fr\/wp-content\/uploads\/2021\/11\/Article-Ouest-France-30-10-2021-768x648.png 768w, https:\/\/jejouedoncnoussommes.fr\/wp-content\/uploads\/2021\/11\/Article-Ouest-France-30-10-2021-700x591.png 700w, https:\/\/jejouedoncnoussommes.fr\/wp-content\/uploads\/2021\/11\/Article-Ouest-France-30-10-2021-520x439.png 520w, https:\/\/jejouedoncnoussommes.fr\/wp-content\/uploads\/2021\/11\/Article-Ouest-France-30-10-2021-360x304.png 360w, https:\/\/jejouedoncnoussommes.fr\/wp-content\/uploads\/2021\/11\/Article-Ouest-France-30-10-2021-250x211.png 250w, https:\/\/jejouedoncnoussommes.fr\/wp-content\/uploads\/2021\/11\/Article-Ouest-France-30-10-2021-100x84.png 100w\" sizes=\"(max-width: 865px) 100vw, 865px\" \/><\/a><\/p>\n<\/div>\n<div>\n<p><a href=\"https:\/\/www.ouest-france.fr\/pays-de-la-loire\/la-roche-sur-yon-85000\/la-roche-sur-yon-ils-se-lient-d-amitie-autour-des-jeux-de-societe-6193876\" target=\"_blank\" rel=\"noopener\"><img decoding=\"async\" loading=\"lazy\" class=\"wp-image-1185 alignnone\" src=\"http:\/\/jejouedoncnoussommes.fr\/wp-content\/uploads\/2021\/11\/Article-JJDNS-2019.jpg\" alt=\"Article Ouest-France du 24-01-2019\" width=\"865\" height=\"488\" srcset=\"https:\/\/jejouedoncnoussommes.fr\/wp-content\/uploads\/2021\/11\/Article-JJDNS-2019.jpg 1297w, https:\/\/jejouedoncnoussommes.fr\/wp-content\/uploads\/2021\/11\/Article-JJDNS-2019-300x169.jpg 300w, https:\/\/jejouedoncnoussommes.fr\/wp-content\/uploads\/2021\/11\/Article-JJDNS-2019-1024x577.jpg 1024w, https:\/\/jejouedoncnoussommes.fr\/wp-content\/uploads\/2021\/11\/Article-JJDNS-2019-768x433.jpg 768w, https:\/\/jejouedoncnoussommes.fr\/wp-content\/uploads\/2021\/11\/Article-JJDNS-2019-700x395.jpg 700w, https:\/\/jejouedoncnoussommes.fr\/wp-content\/uploads\/2021\/11\/Article-JJDNS-2019-520x293.jpg 520w, https:\/\/jejouedoncnoussommes.fr\/wp-content\/uploads\/2021\/11\/Article-JJDNS-2019-360x203.jpg 360w, https:\/\/jejouedoncnoussommes.fr\/wp-content\/uploads\/2021\/11\/Article-JJDNS-2019-250x141.jpg 250w, https:\/\/jejouedoncnoussommes.fr\/wp-content\/uploads\/2021\/11\/Article-JJDNS-2019-100x56.jpg 100w\" sizes=\"(max-width: 865px) 100vw, 865px\" \/><\/a><\/p>\n<\/div>\n<div><\/div>\n<div><\/div>\n<div>\n<h2 style=\"text-align: center;\"><\/h2>\n<\/div>\n","protected":false},"excerpt":{"rendered":"<p>Je Joue Donc Nous Sommes est une association cr\u00e9\u00e9e en 2008. Ses objectifs sont les suivants (extrait de nos statuts) : \u00ab\u00a0Cette association a pour objet la promotion du \u201cjeu\u201d comme instrument de socialisation, de rencontres et de mixit\u00e9 sociale. [&hellip;]<\/p>\n","protected":false},"author":2,"featured_media":0,"parent":0,"menu_order":0,"comment_status":"closed","ping_status":"closed","template":"","meta":[],"acf":[],"_links":{"self":[{"href":"https:\/\/jejouedoncnoussommes.fr\/index.php?rest_route=\/wp\/v2\/pages\/1180"}],"collection":[{"href":"https:\/\/jejouedoncnoussommes.fr\/index.php?rest_route=\/wp\/v2\/pages"}],"about":[{"href":"https:\/\/jejouedoncnoussommes.fr\/index.php?rest_route=\/wp\/v2\/types\/page"}],"author":[{"embeddable":true,"href":"https:\/\/jejouedoncnoussommes.fr\/index.php?rest_route=\/wp\/v2\/users\/2"}],"replies":[{"embeddable":true,"href":"https:\/\/jejouedoncnoussommes.fr\/index.php?rest_route=%2Fwp%2Fv2%2Fcomments&post=1180"}],"version-history":[{"count":21,"href":"https:\/\/jejouedoncnoussommes.fr\/index.php?rest_route=\/wp\/v2\/pages\/1180\/revisions"}],"predecessor-version":[{"id":1824,"href":"https:\/\/jejouedoncnoussommes.fr\/index.php?rest_route=\/wp\/v2\/pages\/1180\/revisions\/1824"}],"wp:attachment":[{"href":"https:\/\/jejouedoncnoussommes.fr\/index.php?rest_route=%2Fwp%2Fv2%2Fmedia&parent=1180"}],"curies":[{"name":"wp","href":"https:\/\/api.w.org\/{rel}","templated":true}]}}