{"id":1446,"date":"2023-02-21T13:07:28","date_gmt":"2023-02-21T12:07:28","guid":{"rendered":"http:\/\/jejouedoncnoussommes.fr\/?page_id=1446"},"modified":"2026-04-01T14:32:21","modified_gmt":"2026-04-01T12:32:21","slug":"1446-2","status":"publish","type":"page","link":"https:\/\/jejouedoncnoussommes.fr\/?page_id=1446","title":{"rendered":"Notre ludoth\u00e8que"},"content":{"rendered":"\t\t<div data-elementor-type=\"wp-page\" data-elementor-id=\"1446\" class=\"elementor elementor-1446\">\n\t\t\t\t\t\t\t\t\t<section class=\"elementor-section elementor-top-section elementor-element elementor-element-fccda95 elementor-section-boxed elementor-section-height-default elementor-section-height-default\" data-id=\"fccda95\" data-element_type=\"section\">\n\t\t\t\t\t\t<div class=\"elementor-container elementor-column-gap-default\">\n\t\t\t\t\t<div class=\"elementor-column elementor-col-50 elementor-top-column elementor-element elementor-element-bde98e6\" data-id=\"bde98e6\" data-element_type=\"column\">\n\t\t\t<div class=\"elementor-widget-wrap elementor-element-populated\">\n\t\t\t\t\t\t\t\t<div class=\"elementor-element elementor-element-49706f1 elementor-widget elementor-widget-text-editor\" data-id=\"49706f1\" data-element_type=\"widget\" data-widget_type=\"text-editor.default\">\n\t\t\t\t<div class=\"elementor-widget-container\">\n\t\t\t<style>\/*! elementor - v3.14.0 - 26-06-2023 *\/\n.elementor-widget-text-editor.elementor-drop-cap-view-stacked .elementor-drop-cap{background-color:#69727d;color:#fff}.elementor-widget-text-editor.elementor-drop-cap-view-framed .elementor-drop-cap{color:#69727d;border:3px solid;background-color:transparent}.elementor-widget-text-editor:not(.elementor-drop-cap-view-default) .elementor-drop-cap{margin-top:8px}.elementor-widget-text-editor:not(.elementor-drop-cap-view-default) .elementor-drop-cap-letter{width:1em;height:1em}.elementor-widget-text-editor .elementor-drop-cap{float:left;text-align:center;line-height:1;font-size:50px}.elementor-widget-text-editor .elementor-drop-cap-letter{display:inline-block}<\/style>\t\t\t\t<p><strong>D\u00e9couvrez tous les jeux de JE JOUE DONC NOUS SOMMES !!!<\/strong><\/p><p>Les jeux de soci\u00e9t\u00e9 sont r\u00e9partis dans une dizaine de sacs et apport\u00e9s lors des soir\u00e9es jeux par des membres actifs de l&rsquo;association.<\/p><p>Tous nos jeux sont identifi\u00e9s et plastifi\u00e9s. L&rsquo;association fait r\u00e9guli\u00e8rement l&rsquo;acquisition de nouveaux jeux en fonction de l&rsquo;actualit\u00e9 ludique, des prix attribu\u00e9s lors des festivals, des recommandations des joueuses et joueurs. Vous pouvez prendre connaissance des derni\u00e8res nouveaut\u00e9s dans notre\u00a0<strong><a href=\"https:\/\/www.myludo.fr\/#!\/profil\/je-joue-donc-nous-sommes-49331\" target=\"_blank\" rel=\"noopener\">ludoth\u00e8que<\/a><\/strong>.<\/p><p>Tous les jeux de notre ludoth\u00e8que ne seront peut-\u00eatre pas pr\u00e9sents \u00e0 chacun de nos rendez-vous. Toutefois, vous trouverez certainement des jeux pour votre soir\u00e9e !<\/p><p>N&rsquo;h\u00e9sitez pas \u00e0 apporter vos propres jeux pour les faire d\u00e9couvrir !<\/p>\t\t\t\t\t\t<\/div>\n\t\t\t\t<\/div>\n\t\t\t\t\t<\/div>\n\t\t<\/div>\n\t\t\t\t<div class=\"elementor-column elementor-col-50 elementor-top-column elementor-element elementor-element-988da97\" data-id=\"988da97\" data-element_type=\"column\">\n\t\t\t<div class=\"elementor-widget-wrap elementor-element-populated\">\n\t\t\t\t\t\t\t\t<div class=\"elementor-element elementor-element-5c9410d elementor-widget elementor-widget-image\" data-id=\"5c9410d\" data-element_type=\"widget\" data-widget_type=\"image.default\">\n\t\t\t\t<div class=\"elementor-widget-container\">\n\t\t\t<style>\/*! elementor - v3.14.0 - 26-06-2023 *\/\n.elementor-widget-image{text-align:center}.elementor-widget-image a{display:inline-block}.elementor-widget-image a img[src$=\".svg\"]{width:48px}.elementor-widget-image img{vertical-align:middle;display:inline-block}<\/style>\t\t\t\t\t\t\t\t\t\t\t\t<img decoding=\"async\" width=\"640\" height=\"427\" src=\"https:\/\/jejouedoncnoussommes.fr\/wp-content\/uploads\/2019\/06\/Montagne-de-jeux.jpg\" class=\"attachment-large size-large wp-image-977\" alt=\"\" loading=\"lazy\" srcset=\"https:\/\/jejouedoncnoussommes.fr\/wp-content\/uploads\/2019\/06\/Montagne-de-jeux.jpg 886w, https:\/\/jejouedoncnoussommes.fr\/wp-content\/uploads\/2019\/06\/Montagne-de-jeux-300x200.jpg 300w, https:\/\/jejouedoncnoussommes.fr\/wp-content\/uploads\/2019\/06\/Montagne-de-jeux-768x512.jpg 768w, https:\/\/jejouedoncnoussommes.fr\/wp-content\/uploads\/2019\/06\/Montagne-de-jeux-700x467.jpg 700w, https:\/\/jejouedoncnoussommes.fr\/wp-content\/uploads\/2019\/06\/Montagne-de-jeux-520x347.jpg 520w, https:\/\/jejouedoncnoussommes.fr\/wp-content\/uploads\/2019\/06\/Montagne-de-jeux-360x240.jpg 360w, https:\/\/jejouedoncnoussommes.fr\/wp-content\/uploads\/2019\/06\/Montagne-de-jeux-250x167.jpg 250w, https:\/\/jejouedoncnoussommes.fr\/wp-content\/uploads\/2019\/06\/Montagne-de-jeux-100x67.jpg 100w\" sizes=\"(max-width: 640px) 100vw, 640px\" \/>\t\t\t\t\t\t\t\t\t\t\t\t\t\t\t<\/div>\n\t\t\t\t<\/div>\n\t\t\t\t\t<\/div>\n\t\t<\/div>\n\t\t\t\t\t\t\t<\/div>\n\t\t<\/section>\n\t\t\t\t<section class=\"elementor-section elementor-top-section elementor-element elementor-element-c76490e elementor-section-boxed elementor-section-height-default elementor-section-height-default\" data-id=\"c76490e\" data-element_type=\"section\">\n\t\t\t\t\t\t<div class=\"elementor-container elementor-column-gap-default\">\n\t\t\t\t\t<div class=\"elementor-column elementor-col-50 elementor-top-column elementor-element elementor-element-e945f32\" data-id=\"e945f32\" data-element_type=\"column\">\n\t\t\t<div class=\"elementor-widget-wrap elementor-element-populated\">\n\t\t\t\t\t\t\t\t<div class=\"elementor-element elementor-element-4d44601 elementor-align-center elementor-widget elementor-widget-button\" data-id=\"4d44601\" data-element_type=\"widget\" data-widget_type=\"button.default\">\n\t\t\t\t<div class=\"elementor-widget-container\">\n\t\t\t\t\t<div class=\"elementor-button-wrapper\">\n\t\t\t<a class=\"elementor-button elementor-button-link elementor-size-sm\" href=\"https:\/\/www.myludo.fr\/#!\/profil\/je-joue-donc-nous-sommes-49331\" target=\"_blank\" rel=\"noopener\">\n\t\t\t\t\t\t<span class=\"elementor-button-content-wrapper\">\n\t\t\t\t\t\t<span class=\"elementor-button-text\">Notre ludoth\u00e8que<\/span>\n\t\t<\/span>\n\t\t\t\t\t<\/a>\n\t\t<\/div>\n\t\t\t\t<\/div>\n\t\t\t\t<\/div>\n\t\t\t\t\t<\/div>\n\t\t<\/div>\n\t\t\t\t<div class=\"elementor-column elementor-col-50 elementor-top-column elementor-element elementor-element-fc91c42\" data-id=\"fc91c42\" data-element_type=\"column\">\n\t\t\t<div class=\"elementor-widget-wrap\">\n\t\t\t\t\t\t\t\t\t<\/div>\n\t\t<\/div>\n\t\t\t\t\t\t\t<\/div>\n\t\t<\/section>\n\t\t\t\t<section class=\"elementor-section elementor-top-section elementor-element elementor-element-e5c5eab elementor-section-boxed elementor-section-height-default elementor-section-height-default\" data-id=\"e5c5eab\" data-element_type=\"section\">\n\t\t\t\t\t\t<div class=\"elementor-container elementor-column-gap-default\">\n\t\t\t\t\t<div class=\"elementor-column elementor-col-100 elementor-top-column elementor-element elementor-element-dc248fd\" data-id=\"dc248fd\" data-element_type=\"column\">\n\t\t\t<div class=\"elementor-widget-wrap elementor-element-populated\">\n\t\t\t\t\t\t\t\t<div class=\"elementor-element elementor-element-57963af elementor-widget elementor-widget-spacer\" data-id=\"57963af\" data-element_type=\"widget\" data-widget_type=\"spacer.default\">\n\t\t\t\t<div class=\"elementor-widget-container\">\n\t\t\t<style>\/*! elementor - v3.14.0 - 26-06-2023 *\/\n.elementor-column .elementor-spacer-inner{height:var(--spacer-size)}.e-con{--container-widget-width:100%}.e-con-inner>.elementor-widget-spacer,.e-con>.elementor-widget-spacer{width:var(--container-widget-width,var(--spacer-size));--align-self:var(--container-widget-align-self,initial);--flex-shrink:0}.e-con-inner>.elementor-widget-spacer>.elementor-widget-container,.e-con-inner>.elementor-widget-spacer>.elementor-widget-container>.elementor-spacer,.e-con>.elementor-widget-spacer>.elementor-widget-container,.e-con>.elementor-widget-spacer>.elementor-widget-container>.elementor-spacer{height:100%}.e-con-inner>.elementor-widget-spacer>.elementor-widget-container>.elementor-spacer>.elementor-spacer-inner,.e-con>.elementor-widget-spacer>.elementor-widget-container>.elementor-spacer>.elementor-spacer-inner{height:var(--container-widget-height,var(--spacer-size))}<\/style>\t\t<div class=\"elementor-spacer\">\n\t\t\t<div class=\"elementor-spacer-inner\"><\/div>\n\t\t<\/div>\n\t\t\t\t<\/div>\n\t\t\t\t<\/div>\n\t\t\t\t\t<\/div>\n\t\t<\/div>\n\t\t\t\t\t\t\t<\/div>\n\t\t<\/section>\n\t\t\t\t\t\t\t<\/div>\n\t\t","protected":false},"excerpt":{"rendered":"<p>D\u00e9couvrez tous les jeux de JE JOUE DONC NOUS SOMMES !!! Les jeux de soci\u00e9t\u00e9 sont r\u00e9partis dans une dizaine de sacs et apport\u00e9s lors des soir\u00e9es jeux par des membres actifs de l&rsquo;association. Tous nos jeux sont identifi\u00e9s et [&hellip;]<\/p>\n","protected":false},"author":2,"featured_media":0,"parent":434,"menu_order":0,"comment_status":"closed","ping_status":"closed","template":"page-templates\/page_fullwidth.php","meta":[],"acf":[],"_links":{"self":[{"href":"https:\/\/jejouedoncnoussommes.fr\/index.php?rest_route=\/wp\/v2\/pages\/1446"}],"collection":[{"href":"https:\/\/jejouedoncnoussommes.fr\/index.php?rest_route=\/wp\/v2\/pages"}],"about":[{"href":"https:\/\/jejouedoncnoussommes.fr\/index.php?rest_route=\/wp\/v2\/types\/page"}],"author":[{"embeddable":true,"href":"https:\/\/jejouedoncnoussommes.fr\/index.php?rest_route=\/wp\/v2\/users\/2"}],"replies":[{"embeddable":true,"href":"https:\/\/jejouedoncnoussommes.fr\/index.php?rest_route=%2Fwp%2Fv2%2Fcomments&post=1446"}],"version-history":[{"count":39,"href":"https:\/\/jejouedoncnoussommes.fr\/index.php?rest_route=\/wp\/v2\/pages\/1446\/revisions"}],"predecessor-version":[{"id":1889,"href":"https:\/\/jejouedoncnoussommes.fr\/index.php?rest_route=\/wp\/v2\/pages\/1446\/revisions\/1889"}],"up":[{"embeddable":true,"href":"https:\/\/jejouedoncnoussommes.fr\/index.php?rest_route=\/wp\/v2\/pages\/434"}],"wp:attachment":[{"href":"https:\/\/jejouedoncnoussommes.fr\/index.php?rest_route=%2Fwp%2Fv2%2Fmedia&parent=1446"}],"curies":[{"name":"wp","href":"https:\/\/api.w.org\/{rel}","templated":true}]}}