{"id":444,"date":"2018-11-08T09:17:03","date_gmt":"2018-11-08T08:17:03","guid":{"rendered":"http:\/\/bdtheque.guikleputride.net\/jjdns-wp\/?page_id=444"},"modified":"2022-03-02T18:48:22","modified_gmt":"2022-03-02T17:48:22","slug":"quand-2","status":"publish","type":"page","link":"https:\/\/jejouedoncnoussommes.fr\/?page_id=444","title":{"rendered":"Combien ?"},"content":{"rendered":"<p>Cotisation annuelle est fix\u00e9e \u00e0 7 \u20ac (5 \u20ac pour les autres membres de la famille).<\/p>\n<p>Elle n\u2019est pas obligatoire pour participer aux soir\u00e9es, elle est bien entendu appr\u00e9ci\u00e9e et vous donnera la possibilit\u00e9 de vous inscrire \u00e0 nos manifestations annuelles.<\/p>\n<p>Pour adh\u00e9rer, rien de plus simple, <a href=\"https:\/\/www.helloasso.com\/associations\/je-joue-donc-nous-sommes-2\/adhesions\/fiche-d-adhesion-2022\" target=\"_blank\" rel=\"noopener\">c&rsquo;est par ici !<\/a><\/p>\n<p><!--more--><\/p>\n","protected":false},"excerpt":{"rendered":"<p>Cotisation annuelle est fix\u00e9e \u00e0 7 \u20ac (5 \u20ac pour les autres membres de la famille). Elle n\u2019est pas obligatoire pour participer aux soir\u00e9es, elle est bien entendu appr\u00e9ci\u00e9e et vous donnera la possibilit\u00e9 de vous inscrire \u00e0 nos manifestations [&hellip;]<\/p>\n","protected":false},"author":1,"featured_media":0,"parent":0,"menu_order":0,"comment_status":"closed","ping_status":"closed","template":"page-templates\/single-service.php","meta":[],"acf":[],"_links":{"self":[{"href":"https:\/\/jejouedoncnoussommes.fr\/index.php?rest_route=\/wp\/v2\/pages\/444"}],"collection":[{"href":"https:\/\/jejouedoncnoussommes.fr\/index.php?rest_route=\/wp\/v2\/pages"}],"about":[{"href":"https:\/\/jejouedoncnoussommes.fr\/index.php?rest_route=\/wp\/v2\/types\/page"}],"author":[{"embeddable":true,"href":"https:\/\/jejouedoncnoussommes.fr\/index.php?rest_route=\/wp\/v2\/users\/1"}],"replies":[{"embeddable":true,"href":"https:\/\/jejouedoncnoussommes.fr\/index.php?rest_route=%2Fwp%2Fv2%2Fcomments&post=444"}],"version-history":[{"count":6,"href":"https:\/\/jejouedoncnoussommes.fr\/index.php?rest_route=\/wp\/v2\/pages\/444\/revisions"}],"predecessor-version":[{"id":1245,"href":"https:\/\/jejouedoncnoussommes.fr\/index.php?rest_route=\/wp\/v2\/pages\/444\/revisions\/1245"}],"wp:attachment":[{"href":"https:\/\/jejouedoncnoussommes.fr\/index.php?rest_route=%2Fwp%2Fv2%2Fmedia&parent=444"}],"curies":[{"name":"wp","href":"https:\/\/api.w.org\/{rel}","templated":true}]}}