{"id":452,"date":"2018-11-08T10:15:33","date_gmt":"2018-11-08T09:15:33","guid":{"rendered":"http:\/\/bdtheque.guikleputride.net\/jjdns-wp\/?page_id=452"},"modified":"2019-06-03T00:25:52","modified_gmt":"2019-06-02T22:25:52","slug":"la-jlr","status":"publish","type":"page","link":"https:\/\/jejouedoncnoussommes.fr\/?page_id=452","title":{"rendered":"La JLR"},"content":{"rendered":"<p style=\"text-align: center;\"><strong>Quoi de mieux pour f\u00eater l&rsquo;\u00e9t\u00e9 que de se retrouver autour de jeux in\u00e9dits pr\u00e9par\u00e9s par une \u00e9quipe d&rsquo;adh\u00e9&rsquo;jouants inspir\u00e9s?<\/strong><\/p>\r\n<p style=\"text-align: center;\">Depuis 2015, Ju et Vic nous accueillent tous les ans pour une journ\u00e9e de d\u00e9fis par \u00e9quipes.<\/p>\r\n<h1 style=\"text-align: center;\"><strong>La Journ\u00e9e Ludique \u00e0 La Richerie<\/strong><\/h1>\r\n<p style=\"text-align: center;\">Au programme, ambiance d\u00e9tendue et chaleureuse, d\u00e9jeuner convivial et fous rires garantis.<\/p>\r\n<p style=\"text-align: center;\">Le but ultime est de passer un bon moment et d&rsquo;apprendre \u00e0 mieux se conna\u00eetre au sein de l\u2019association.<\/p>\r\n","protected":false},"excerpt":{"rendered":"<p>Quoi de mieux pour f\u00eater l&rsquo;\u00e9t\u00e9 que de se retrouver autour de jeux in\u00e9dits pr\u00e9par\u00e9s par une \u00e9quipe d&rsquo;adh\u00e9&rsquo;jouants inspir\u00e9s? Depuis 2015, Ju et Vic nous accueillent tous les ans pour une journ\u00e9e de d\u00e9fis par \u00e9quipes. La Journ\u00e9e Ludique [&hellip;]<\/p>\n","protected":false},"author":1,"featured_media":0,"parent":0,"menu_order":5,"comment_status":"closed","ping_status":"closed","template":"page-templates\/single-service.php","meta":[],"acf":[],"_links":{"self":[{"href":"https:\/\/jejouedoncnoussommes.fr\/index.php?rest_route=\/wp\/v2\/pages\/452"}],"collection":[{"href":"https:\/\/jejouedoncnoussommes.fr\/index.php?rest_route=\/wp\/v2\/pages"}],"about":[{"href":"https:\/\/jejouedoncnoussommes.fr\/index.php?rest_route=\/wp\/v2\/types\/page"}],"author":[{"embeddable":true,"href":"https:\/\/jejouedoncnoussommes.fr\/index.php?rest_route=\/wp\/v2\/users\/1"}],"replies":[{"embeddable":true,"href":"https:\/\/jejouedoncnoussommes.fr\/index.php?rest_route=%2Fwp%2Fv2%2Fcomments&post=452"}],"version-history":[{"count":5,"href":"https:\/\/jejouedoncnoussommes.fr\/index.php?rest_route=\/wp\/v2\/pages\/452\/revisions"}],"predecessor-version":[{"id":975,"href":"https:\/\/jejouedoncnoussommes.fr\/index.php?rest_route=\/wp\/v2\/pages\/452\/revisions\/975"}],"wp:attachment":[{"href":"https:\/\/jejouedoncnoussommes.fr\/index.php?rest_route=%2Fwp%2Fv2%2Fmedia&parent=452"}],"curies":[{"name":"wp","href":"https:\/\/api.w.org\/{rel}","templated":true}]}}