{"id":493,"date":"2018-11-09T09:06:26","date_gmt":"2018-11-09T08:06:26","guid":{"rendered":"http:\/\/bdtheque.guikleputride.net\/jjdns-wp\/?page_id=493"},"modified":"2026-02-28T11:45:21","modified_gmt":"2026-02-28T10:45:21","slug":"prestations","status":"publish","type":"page","link":"https:\/\/jejouedoncnoussommes.fr\/?page_id=493","title":{"rendered":"Prestations"},"content":{"rendered":"<p>Notre association intervient r\u00e9guli\u00e8rement lors d&rsquo;<strong>\u00e9v\u00e9nements publics, priv\u00e9s, associatifs, d&rsquo;entreprise&#8230;<\/strong><\/p>\n<p>Notre prestation \u00ab\u00a0type\u00a0\u00bb consiste le plus souvent \u00e0 animer des tables de jeux de soci\u00e9t\u00e9 et\/ou d&rsquo;ambiance \u00e0 destination d&rsquo;un public \u00e0 partir de 10 ans.<\/p>\n<div>\n<p>Les jeux de soci\u00e9t\u00e9 sont mis \u00e0 disposition par notre association.<\/p>\n<div>La prestation comprend donc :<\/div>\n<div>\n<p>&#8211; la pr\u00e9sence d&rsquo;<strong>au moins 3 b\u00e9n\u00e9voles<\/strong> de <i>Je Joue Donc Nous Sommes <\/i>en permanence sur le temps de la prestation,<\/p>\n<p>&#8211; le choix entre une vingtaine de jeux minimum,<\/p>\n<p>&#8211; une \u00e9coute et des \u00e9changes afin de proposer des jeux adapt\u00e9s\u00a0 aux participants et d&rsquo;en expliquer les r\u00e8gles,<\/p>\n<p>&#8211; la mise en place et le rangement des jeux apport\u00e9s.<\/p>\n<\/div>\n<p>Nous pouvons aussi apporter une r\u00e9ponse sur mesure en fonction de la demande.<\/p>\n<div>\n<div><\/div>\n<div>\n<div>Lorsqu&rsquo;une demande nous est faite, un \u00e9change a lieu afin de pr\u00e9ciser le besoin, puis nous effectuons un sondage aupr\u00e8s de nos b\u00e9n\u00e9voles afin de connaitre leur disponibilit\u00e9 sur le cr\u00e9neau demand\u00e9.<\/div>\n<div>\n<p>Suite \u00e0 cela, nous sommes en mesure ou non de confirmer d\u00e9finitivement notre participation.<\/p>\n<div><\/div>\n<\/div>\n<div>\n<p>Si ce type de prestation peut r\u00e9pondre \u00e0 vos attentes, n&rsquo;h\u00e9sitez pas \u00e0 nous faire part de votre demande <a href=\"http:\/\/jejouedoncnoussommes.free.fr\/?page_id=496\">ici<\/a>.<\/p>\n<div><\/div>\n<div>A tr\u00e8s bient\u00f4t.<\/div>\n<\/div>\n<\/div>\n<\/div>\n<\/div>\n","protected":false},"excerpt":{"rendered":"<p>Notre association intervient r\u00e9guli\u00e8rement lors d&rsquo;\u00e9v\u00e9nements publics, priv\u00e9s, associatifs, d&rsquo;entreprise&#8230; Notre prestation \u00ab\u00a0type\u00a0\u00bb consiste le plus souvent \u00e0 animer des tables de jeux de soci\u00e9t\u00e9 et\/ou d&rsquo;ambiance \u00e0 destination d&rsquo;un public \u00e0 partir de 10 ans. Les jeux de soci\u00e9t\u00e9 [&hellip;]<\/p>\n","protected":false},"author":1,"featured_media":0,"parent":0,"menu_order":0,"comment_status":"closed","ping_status":"closed","template":"","meta":[],"acf":[],"_links":{"self":[{"href":"https:\/\/jejouedoncnoussommes.fr\/index.php?rest_route=\/wp\/v2\/pages\/493"}],"collection":[{"href":"https:\/\/jejouedoncnoussommes.fr\/index.php?rest_route=\/wp\/v2\/pages"}],"about":[{"href":"https:\/\/jejouedoncnoussommes.fr\/index.php?rest_route=\/wp\/v2\/types\/page"}],"author":[{"embeddable":true,"href":"https:\/\/jejouedoncnoussommes.fr\/index.php?rest_route=\/wp\/v2\/users\/1"}],"replies":[{"embeddable":true,"href":"https:\/\/jejouedoncnoussommes.fr\/index.php?rest_route=%2Fwp%2Fv2%2Fcomments&post=493"}],"version-history":[{"count":6,"href":"https:\/\/jejouedoncnoussommes.fr\/index.php?rest_route=\/wp\/v2\/pages\/493\/revisions"}],"predecessor-version":[{"id":1818,"href":"https:\/\/jejouedoncnoussommes.fr\/index.php?rest_route=\/wp\/v2\/pages\/493\/revisions\/1818"}],"wp:attachment":[{"href":"https:\/\/jejouedoncnoussommes.fr\/index.php?rest_route=%2Fwp%2Fv2%2Fmedia&parent=493"}],"curies":[{"name":"wp","href":"https:\/\/api.w.org\/{rel}","templated":true}]}}