{"id":825,"date":"2018-12-30T00:05:53","date_gmt":"2018-12-29T23:05:53","guid":{"rendered":"http:\/\/jejouedoncnoussommes.free.fr\/wp\/?page_id=825"},"modified":"2025-01-07T16:06:54","modified_gmt":"2025-01-07T15:06:54","slug":"abonnement-a-notre-liste-de-diffusion","status":"publish","type":"page","link":"https:\/\/jejouedoncnoussommes.fr\/?page_id=825","title":{"rendered":"Abonnement \u00e0 notre liste de diffusion"},"content":{"rendered":"<p>Pour \u00eatre inform\u00e9 des prochaines soir\u00e9es ainsi que des \u00e9v\u00e9nements propos\u00e9s, JJDNS pr\u00e9vient ses sympathi&rsquo;jouants par e-mail, en utilisant une liste de diffusion.<\/p>\n<p>Pour recevoir nos e-mails, vous pouvez vous inscrire <a href=\"https:\/\/framalistes.org\/sympa\/subscribe\/sympathijouants1\" target=\"_blank\" rel=\"noopener\">ici<\/a>.<\/p>\n<p>Ca n&rsquo;engage \u00e0 rien du tout, et vous pouvez toujours vous d\u00e9sinscrire \u00e0 tout moment<\/p>\n<ul>\n<li><a href=\"https:\/\/framalistes.org\/sympa\/signoff\/sympathijouants\" target=\"_blank\" rel=\"noopener noreferrer\">ici<\/a> si vous \u00e9tiez abonn\u00e9s avant le 07\/01\/2025.<\/li>\n<li><a href=\"https:\/\/framalistes.org\/sympa\/signoff\/sympathijouants1\" target=\"_blank\" rel=\"noopener\">ici<\/a> pour les abonnements \u00e0 partir du 07\/01\/2025.<\/li>\n<\/ul>\n","protected":false},"excerpt":{"rendered":"<p>Pour \u00eatre inform\u00e9 des prochaines soir\u00e9es ainsi que des \u00e9v\u00e9nements propos\u00e9s, JJDNS pr\u00e9vient ses sympathi&rsquo;jouants par e-mail, en utilisant une liste de diffusion. Pour recevoir nos e-mails, vous pouvez vous inscrire ici. Ca n&rsquo;engage \u00e0 rien du tout, et vous [&hellip;]<\/p>\n","protected":false},"author":1,"featured_media":0,"parent":496,"menu_order":0,"comment_status":"closed","ping_status":"closed","template":"","meta":[],"acf":[],"_links":{"self":[{"href":"https:\/\/jejouedoncnoussommes.fr\/index.php?rest_route=\/wp\/v2\/pages\/825"}],"collection":[{"href":"https:\/\/jejouedoncnoussommes.fr\/index.php?rest_route=\/wp\/v2\/pages"}],"about":[{"href":"https:\/\/jejouedoncnoussommes.fr\/index.php?rest_route=\/wp\/v2\/types\/page"}],"author":[{"embeddable":true,"href":"https:\/\/jejouedoncnoussommes.fr\/index.php?rest_route=\/wp\/v2\/users\/1"}],"replies":[{"embeddable":true,"href":"https:\/\/jejouedoncnoussommes.fr\/index.php?rest_route=%2Fwp%2Fv2%2Fcomments&post=825"}],"version-history":[{"count":5,"href":"https:\/\/jejouedoncnoussommes.fr\/index.php?rest_route=\/wp\/v2\/pages\/825\/revisions"}],"predecessor-version":[{"id":1697,"href":"https:\/\/jejouedoncnoussommes.fr\/index.php?rest_route=\/wp\/v2\/pages\/825\/revisions\/1697"}],"up":[{"embeddable":true,"href":"https:\/\/jejouedoncnoussommes.fr\/index.php?rest_route=\/wp\/v2\/pages\/496"}],"wp:attachment":[{"href":"https:\/\/jejouedoncnoussommes.fr\/index.php?rest_route=%2Fwp%2Fv2%2Fmedia&parent=825"}],"curies":[{"name":"wp","href":"https:\/\/api.w.org\/{rel}","templated":true}]}}